{"id":3,"date":"2020-08-31T14:54:19","date_gmt":"2020-08-31T12:54:19","guid":{"rendered":"http:\/\/www.risbufala.it\/?page_id=3"},"modified":"2021-02-09T17:40:38","modified_gmt":"2021-02-09T16:40:38","slug":"privacy-policy","status":"publish","type":"page","link":"https:\/\/www.risbufala.it\/?page_id=3","title":{"rendered":"Privacy Policy"},"content":{"rendered":"<p style=\"text-align: center;\"><span style=\"font-family: arial, helvetica, sans-serif;\">(aggiornata al 4 novembre)<\/span><\/p>\n<p><span style=\"font-family: arial, helvetica, sans-serif;\">Benvenuto, questa \u00e8 la nostra informativa sulla privacy, costituisce l\u2019ultima versione pubblicata sul Sito www.risbufala.it\u00a0(d\u2019ora in avanti, per brevit\u00e0, il Sito ovvero Ris bufala). Il presente documento ha lo scopo di fornire agli utenti maggiori dettagli su come proteggiamo le informazioni, su come le raccogliamo, memorizziamo, utilizziamo, e comunichiamo i suoi dati personali, intendendosi per \u201cdati personali\u201d qualsiasi informazione che riguardi persone fisiche identificate o che possano essere identificate anche attraverso altre informazioni ed indipendentemente dal dispositivo e dal canale adoperato.<\/span><\/p>\n<p style=\"text-align: justify;\"><span style=\"font-family: arial, helvetica, sans-serif;\">Secondo le norme del Regolamento UE n. 2016\/679 i trattamenti effettuati da Ris Bufala saranno improntati ai principi di liceit\u00e0, correttezza, trasparenza, limitazione delle finalit\u00e0 e della conservazione, minimizzazione dei dati, esattezza, integrit\u00e0 e riservatezza.<\/span><br \/>\n<span style=\"font-family: arial, helvetica, sans-serif;\">La presente informativa \u00e8 resa solo per tale Sito e non anche per altri Siti eventualmente consultati dall\u2019utente tramite link, Siti che non sono di propriet\u00e0 di Ris bufala, in tale ipotesi, si invita l\u2019utente a leggere attentamente le informative sulla privacy di questi siti.<\/span><\/p>\n<p style=\"text-align: justify;\"><span style=\"font-family: arial, helvetica, sans-serif;\"><strong>INDICE<\/strong><\/span><br \/>\n<span style=\"font-family: arial, helvetica, sans-serif;\">1) Titolare del trattamento<\/span><br \/>\n<span style=\"font-family: arial, helvetica, sans-serif;\">2) Natura dei dati trattati<\/span><br \/>\n<span style=\"font-family: arial, helvetica, sans-serif;\">3) Finalit\u00e0 del trattamento<\/span><br \/>\n<span style=\"font-family: arial, helvetica, sans-serif;\">4) Email Form<\/span><br \/>\n<span style=\"font-family: arial, helvetica, sans-serif;\">5) Prestazione del consenso e comunicazione dei dati dell\u2019utente<\/span><br \/>\n<span style=\"font-family: arial, helvetica, sans-serif;\">6) Dati particolari o giudiziari<\/span><br \/>\n<span style=\"font-family: arial, helvetica, sans-serif;\">7) Misure di sicurezza<\/span><br \/>\n<span style=\"font-family: arial, helvetica, sans-serif;\">8) Conservazione ed eventuale modifica dei dati personali<\/span><br \/>\n<span style=\"font-family: arial, helvetica, sans-serif;\">9) Diritti dell\u2019utente<\/span><br \/>\n<span style=\"font-family: arial, helvetica, sans-serif;\">10) Modifiche e aggiornamenti della presente Privacy Policy<\/span><br \/>\n<span style=\"font-family: arial, helvetica, sans-serif;\">11) Cookie<\/span><\/p>\n<p><span style=\"font-family: arial, helvetica, sans-serif;\"><strong>1.Titolare del trattamento<\/strong><\/span><br \/>\n<span style=\"font-family: arial, helvetica, sans-serif;\">Il Titolare del trattamento dei dati personali forniti dall\u2019utente attraverso questo sito \u00e8 Enrico Migliaccio\u00a0 nella sua qualit\u00e0 di Presidente p.t. dell\u2019Associazione <strong>Ricerca Innovazione e Selezione per la Bufala (CF:93091380613)<\/strong>, con sede legale in Piedimonte Matese alla via Cila, 2 (BN) (81016), tel.\u00a0 0823 1255581, Email: info@risbufala.it;<\/span><br \/>\n<span style=\"font-family: arial, helvetica, sans-serif;\"><strong>2.Natura dei dati trattati<\/strong><strong><br \/>\n<\/strong>I dati personali trattati da Ris bufala sono:<br \/>\n&#8211;\u00a0indirizzo Email e numero di telefono forniti dall\u2019utente in sede di contatto;<br \/>\n&#8211; eventuali dati anagrafici (nome, cognome) forniti dall\u2019utente in sede di contatto;<br \/>\n&#8211; informazioni inserite nel form contatti necessarie all\u2019espletamento del servizio richiesto;<br \/>\n&#8211; informazioni raccolte tramite i cookie di terze parti adoperati dal Sito web (si veda cookie policy)<strong><br \/>\n3.Finalit\u00e0 del Trattamento<br \/>\n<\/strong>I dati dell\u2019utente sono raccolti, utilizzati ed archiviati da Ris bufala esclusivamente per finalit\u00e0 direttamente connesse e strumentali all\u2019uso del Sito (ad esempio in relazione alle richieste inviate da parte dell\u2019utente) e dei suoi servizi, per consentire a Ris bufala di migliorare il proprio Sito, nonch\u00e9 per l\u2019adempimento degli obblighi previsti dalla legge, da un regolamento o dalla normativa comunitaria e per l\u2019esercizio dei propri diritti in sede giudiziaria. Ris bufala garantisce in ogni caso il massimo livello di sicurezza nella gestione dei dati medesimi;<br \/>\nIl trattamento verr\u00e0 effettuato attraverso strumenti informatici e\/o telematici, con modalit\u00e0 organizzative e con logiche strettamente correlate alle finalit\u00e0 indicate. Oltre al Titolare, in alcuni casi, potrebbero avere accesso ai Dati altri soggetti coinvolti nell\u2019organizzazione del Sito www.risbufala.it (personale amministrativo, commerciale, marketing, legali, amministratori di sistema) ovvero soggetti esterni (come fornitori di servizi tecnici terzi, hosting provider, societ\u00e0 informatiche, agenzie di comunicazione) nominati anche, se necessario, Responsabili del Trattamento da parte del Titolare. L\u2019elenco aggiornato dei Responsabili potr\u00e0 sempre essere richiesto al Titolare del Trattamento.<br \/>\nSi precisa, in particolare, che la raccolta, utilizzazione ed archiviazione dei dati ha le seguenti finalit\u00e0:<br \/>\n\u2013 consentire l\u2019utilizzo del Sito e dei suoi servizi;<br \/>\n\u2013 consentire l\u2019interazione con il Sito;<br \/>\n\u2013 fornire assistenza agli utenti (sia relativamente alle richieste di informazioni sui servizi resi da Ris bufala quale a titolo esemplificativo e non esaustivo la Certificazione di Razza, sia per ogni aggiornamento o avviso, anche di sicurezza, relativo al sito);<br \/>\n\u2013 migliorare e ottimizzare le funzionalit\u00e0 del Sito, anche attraverso l\u2019analisi statistica dei dati raccolti;<br \/>\n\u2013 gestire i programmi, i servizi e le attivit\u00e0, rese;<br \/>\n\u2013 ragioni di sicurezza e per prevenire e valutare i rischi connessi al Sito;<br \/>\n\u2013 per la valutazione e soluzione di eventuali problemi di sicurezza;<br \/>\n\u2013 per la soluzione di controversie con gli utenti o nei confronti di terze parti;<br \/>\n\u2013 garantire il rispetto e l\u2019applicazione della policy adottata dal sito;<br \/>\n\u2013 consentire eventualmente, previo consenso, l\u2019invio di newsletter, comunicazioni relative e\/o connesse ai servizi resi tramite il Sito;<br \/>\n\u2013 al fine dell\u2019eventuale cessione a terze parti, previo consenso espressamente prestato dall\u2019utente a tal fine in sede di compilazione del Form \u201cContatti\u201d (ad esempio, per finalit\u00e0 commerciali)<br \/>\n\u2013 migliorare i servizi pubblicitari, eventualmente mediante sistemi di profilazione;<\/span><\/p>\n<p style=\"text-align: justify;\"><span style=\"font-family: arial, helvetica, sans-serif;\">\u2013 assolvere agli obblighi di legge.<\/span><\/p>\n<p><span style=\"font-family: arial, helvetica, sans-serif;\"><strong>4.Email Form<\/strong><\/span><br \/>\n<span style=\"font-family: arial, helvetica, sans-serif;\">Il Sito www.risbufala.it consente agli utenti interessati di richiedere informazioni sui servizi resi, fornendo dati quali, ad esempio, nome ed indirizzo Email mediante la compilazione del relativo Form. Tali dati saranno trattati, anche mediante l\u2019utilizzo di strumenti informatici, dai soggetti delegati e\/o incaricati da Ris bufala, esclusivamente per rispondere alla richiesta dell\u2019utente. I dati personali introdotti nel Form sono funzionali all\u2019esecuzione di quanto richiesto e vengono utilizzati da Ris bufala per offrire un servizio migliore all\u2019utente nonch\u00e9 al fine di inviare comunicazioni dei servizi resi tramite il sito.<\/span><\/p>\n<p style=\"text-align: justify;\"><span style=\"font-family: arial, helvetica, sans-serif;\">L\u2019utente potr\u00e0 in ogni momento richiedere la cancellazione dei dati cos\u00ec forniti, inviando richiesta all\u2019indirizzo info@risbufala.it.<\/span><br \/>\n<span style=\"font-family: arial, helvetica, sans-serif;\">Al momento della compilazione del Form, l\u2019utente, dovr\u00e0 inserire il flag all\u2019interno dell\u2019apposita casella per manifestare il proprio consenso al trattamento dei dati personali forniti.<\/span><\/p>\n<p><span style=\"font-family: arial, helvetica, sans-serif;\"><strong>5. Prestazione del consenso e comunicazione dei dati dell&#8217;utente<\/strong><\/span><\/p>\n<p><span style=\"font-family: arial, helvetica, sans-serif;\">Ris bufala fa presente agli utenti che con l\u2019inserimento dei propri dati nel Form presente sul Sito potranno accettare, mediante apposita spunta, di ricevere all\u2019indirizzo e-mail ovvero agli altri recapiti di riferimento eventualmente forniti, comunicazioni relative e\/o connesse ai servizi resi tramite il Sito. L\u2019utente potr\u00e0 negare la predetta autorizzazione, successivamente, mediante richiesta di cancellazione da inviare all\u2019indirizzo info@risbufala.it.<\/span><br \/>\n<span style=\"font-family: arial, helvetica, sans-serif;\">Si fa inoltre presente che:<\/span><\/p>\n<p style=\"text-align: justify;\"><span style=\"font-family: arial, helvetica, sans-serif;\">\u2013 Ris bufala potr\u00e0 inoltre comunicare i dati personali dell\u2019utente strettamente necessari (ad esempio, dati di recapito o Email) per la prestazione dei servizi collegati e\/o connessi ai soggetti che si occupano, ad esempio, di renderle servizi. In particolare i dati potranno essere comunicati e\/o resi accessibili a: (i) persone, societ\u00e0 o studi professionali, che prestino attivit\u00e0 di assistenza, consulenza o collaborazione in materia contabile, amministrativa, legale, tributaria, finanziaria e tecnico-informatica; (ii) soggetti delegati e\/o incaricati da Ris bufala all\u2019esecuzione delle attivit\u00e0 o di parte delle attivit\u00e0 connesse ai servizi offerti; (iii) ogni altro collaboratore esterno cui la comunicazione sia necessaria per il corretto adempimento delle obbligazioni assunte e dunque per il corretto espletamento dei servizi richiesti dall&#8217;utente.<\/span><br \/>\n<span style=\"font-family: arial, helvetica, sans-serif;\">\u2013 Ris bufala potrebbe altres\u00ec comunicare i dati dell\u2019utente, tra cui i dati personali, all\u2019Autorit\u00e0 Giudiziaria, all\u2019Autorit\u00e0 Governativa e ad ogni Autorit\u00e0 Pubblica in generale ovvero a terze parti autorizzate qualora la comunicazione si renda necessaria o nel caso in cui sia a ci\u00f2 tenuto o autorizzato a farlo per legge (ad esempio nell\u2019ambito di un procedimento legale; di indagini penali; per tutelare i diritti di Ris bufala e\/o dell\u2019utente medesimo o degli altri utenti).<\/span><\/p>\n<p><span style=\"font-family: arial, helvetica, sans-serif;\"><strong>6.Dati particolari o giudiziari<\/strong><\/span><br \/>\n<span style=\"font-family: arial, helvetica, sans-serif;\">Ris bufala non raccoglie deliberatamente dati particolari (ossia dati idonei a rivelare l\u2019origine razziale ed etnica, le convinzioni religiose, filosofiche o di altro genere, le opinioni politiche, l\u2019adesione a partiti, sindacati, associazioni od organizzazioni a carattere religioso, filosofico, politico o sindacale, nonch\u00e9 i dati idonei a rivelare lo stato di salute e la vita sessuale) n\u00e9 giudiziari, invitandosi pertanto l\u2019utente a non fornire tale tipologia di dati tramite il Sito. Nel caso in cui l\u2019utente fornisca volontariamente, tramite messaggio inserito nel Form ad esempio, dati considerati particolari e\/o giudiziari riguardanti l\u2019utente medesimo, Ris bufala dichiara che in nessun caso e per nessun motivo far\u00e0 uso di tali dati, invitandosi altrimenti l\u2019utente a trasmettere all\u2019indirizzo Email info@risbufala.it un\u2019apposita dichiarazione contenente il consenso al trattamento delle relative informazioni.<\/span><br \/>\n<span style=\"font-family: arial, helvetica, sans-serif;\"><strong>7.Misure di sicurezza<\/strong><\/span><br \/>\n<span style=\"font-family: arial, helvetica, sans-serif;\">Ris bufala dichiara di aver adottato misure di sicurezza volte a ridurre al minimo i rischi di distruzione o di perdita, anche accidentale, dei dati raccolti, di accesso non autorizzato o di trattamento non consentito o non conforme alle finalit\u00e0 di raccolta indicate nella presente Privacy Policy.<\/span><br \/>\n<span style=\"font-family: arial, helvetica, sans-serif;\">Tuttavia Ris bufala non pu\u00f2 garantire ai propri utenti che le misure adottate per la sicurezza del Sito e della trasmissione dei dati e delle informazioni sul sito escludano qualsiasi rischio di accesso non consentito o di dispersione dei dati. Si invita pertanto l\u2019utente ad assicurarsi che il proprio computer o dispositivo mobile utilizzato per accedere al suddetto Sito sia dotato di dispositivi software adeguati per la protezione della trasmissione in rete di dati, sia in entrata sia in uscita (come sistemi antivirus aggiornati), e che il fornitore di servizi internet adoperato dall\u2019utente abbia adottato misure idonee per la sicurezza della trasmissione di dati in rete (come ad esempio firewalls e filtri antispamming).<\/span><\/p>\n<p><span style=\"font-family: arial, helvetica, sans-serif;\"><strong>8.Conservazione ed eventuale modifica dei dati personali<\/strong><\/span><br \/>\n<span style=\"font-family: arial, helvetica, sans-serif;\">Il trattamento dei dati personali raccolti avr\u00e0 una durata non superiore a quella necessaria alle finalit\u00e0 per le quali i dati sono stati raccolti, in ottemperanza agli obblighi di natura civilistica, fiscale e tributaria vigenti.<\/span><br \/>\n<span style=\"font-family: arial, helvetica, sans-serif;\">Per garantire che i dati personali forniti siano sempre esatti ed aggiornati, comunque pertinenti e completi, Ris bufala invita l\u2019utente a segnalare ogni modifica intervenuta al seguente indirizzo di posta elettronica info@risbufalait. o, comunque, secondo le modalit\u00e0 meglio precisate nell\u2019articolo che segue.<\/span><br \/>\n<span style=\"font-family: arial, helvetica, sans-serif;\"><strong>9.Diritti dell\u2019utente<\/strong><\/span><br \/>\n<span style=\"font-family: arial, helvetica, sans-serif;\">L\u2019utente ha il diritto di aggiornare o modificare i propri dati in ogni momento. L\u2019utente \u00e8 l\u2019unico responsabile dei dati forniti nonch\u00e9 di ogni modifica e\/o integrazione dei medesimi. In ogni caso Ris bufala si riserva il diritto di verificare l\u2019identit\u00e0 dell\u2019utente e la veridicit\u00e0 dei dati forniti per tutelare i propri diritti e\/o quelli degli altri utenti.<\/span><br \/>\n<span style=\"font-family: arial, helvetica, sans-serif;\">Spettano altres\u00ec all\u2019utente i seguenti diritti garantiti da Ris bufala:<\/span><br \/>\n<span style=\"font-family: arial, helvetica, sans-serif;\">\u2013 l\u2019utente pu\u00f2 chiedere la correzione di dati personali che risultino imprecisi o incompleti e cui non ha accesso diretto;<\/span><\/p>\n<p><span style=\"font-family: arial, helvetica, sans-serif;\">\u2013 l\u2019utente potr\u00e0 altres\u00ec chiedere di eliminare le informazioni personali in possesso di Ris bufala. In tal caso resta inteso che Ris bufala potr\u00e0 conservare per il tempo strettamente necessario alcuni dati in funzione di esigenze legate, ad esempio, a: (i) assolvere eventuali obblighi di legge (in relazione, ad esempio, a procedimenti giudiziari e\/o indagini legali ovvero in relazione ad obblighi di natura fiscale); (ii) garantire e promuovere la sicurezza del sito; (iii) l\u2019utilizzo di programmi volti a garantire la sicurezza del sito e che potrebbero determinare la conservazione, per un periodo di tempo limitato, dei dati medesimi;<\/span><br \/>\n<span style=\"font-family: arial, helvetica, sans-serif;\">\u2013 l\u2019utente potr\u00e0 inoltre richiedere copia dei dati in possesso di Ris bufala in formato digitale e\/o richiedere la trasmissione di tali informazioni ad un altro fornitore di servizi;<\/span><br \/>\n<span style=\"font-family: arial, helvetica, sans-serif;\">\u2013 l\u2019utente che abbia prestato il consenso al trattamento dei propri dati personali, potr\u00e0 in qualsiasi momento procedere alla relativa revoca inviando una comunicazione all\u2019indirizzo di posta elettronica info@risbufala.it nella quale sia specificamente indicato ogni singolo consenso oggetto di revoca. Resta in ogni caso ferma la legittimit\u00e0 del trattamento dei dati effettuato da Ris bufala anteriormente alla revoca;<\/span><br \/>\n<span style=\"font-family: arial, helvetica, sans-serif;\">\u2013 l\u2019utente potr\u00e0 altres\u00ec opporsi al trattamento dei propri dati personali da parte di Ris bufala per determinate finalit\u00e0 (ad esempio, per la profilazione) qualora tale trattamento sia basato su un legittimo interesse. In tal caso i dati personali dell\u2019utente non saranno pi\u00f9 trattati da Ris bufala per le predette finalit\u00e0 indicate, salva la sussistenza di motivi legittimi per procedere al trattamento oppure se tale trattamento si renda necessario per l\u2019accertamento, l\u2019esercizio o la difesa di un diritto in sede giudiziaria;<\/span><br \/>\n<span style=\"font-family: arial, helvetica, sans-serif;\">\u2013 \u00e8 riconosciuto all\u2019utente il diritto di limitare le modalit\u00e0 di utilizzo dei propri dati personali da parte di Ris bufala nel caso di: (i) contestazione sull\u2019esattezza dei dati; (ii) opposizione alla cancellazione dei dati in quanto si ritiene che il relativo trattamento non sia stato eseguito in modo legittimo; (iii) in caso di opposizione al trattamento; (iv) qualora l\u2019utente richieda a Ris bufala informazioni ai fini dell\u2019accertamento dei propri diritti e\/o per la relativa tutela in sede giudiziaria;<\/span><br \/>\n<span style=\"font-family: arial, helvetica, sans-serif;\">\u2013 come gi\u00e0 precisato, l\u2019utente potr\u00e0 altres\u00ec chiedere a Ris bufala di cessare il trattamento dei propri dati per finalit\u00e0 commerciali, inviando una comunicazione all\u2019indirizzo di posta elettronica info@risbufala.it.;<\/span><br \/>\n<span style=\"font-family: arial, helvetica, sans-serif;\">\u2013 l\u2019utente potr\u00e0 infine presentare reclami afferenti l\u2019attivit\u00e0 di trattamento dei dati svolta da Ris bufala presso l\u2019autorit\u00e0 per la protezione dei dati territorialmente competente.<\/span><\/p>\n<p><span style=\"font-family: arial, helvetica, sans-serif;\"><strong>10.Modifiche e aggiornamenti della presente Privacy Policy<\/strong><\/span><br \/>\n<span style=\"font-family: arial, helvetica, sans-serif;\">Ris bufala potr\u00e0 modificare e\/o aggiornare, in tutto o in parte, la presente Privacy Policy anche in considerazione dell\u2019eventuale modifica delle norme di legge o di regolamento che disciplinano questa materia e proteggono i diritti degli utenti. Le eventuali modifiche e\/o aggiornamenti saranno notificati agli utenti nella home page di risbufala.it non appena adottati e saranno vincolanti non appena pubblicati sul Sito in questa stessa sezione. Si invita pertanto l\u2019utente ad accedere con regolarit\u00e0 alla presente sezione per verificare la pubblicazione della pi\u00f9 recente ed aggiornata Privacy Policy di risbufala.it.<\/span><br \/>\n<span style=\"font-family: arial, helvetica, sans-serif;\"><strong>11.Cookie<\/strong><\/span><br \/>\n<span style=\"font-family: arial, helvetica, sans-serif;\">Il Sito utilizza i cosiddetti cookie al fine di riconoscere il dispositivo adoperato dall\u2019utente e per fornire maggiori funzionalit\u00e0 al sito medesimo. Per maggiori informazioni sui cookie e su come il sito www.risbufala.it li utilizza, consulta la pagina Politica sui cookie presente sul Sito.<\/span><\/p>\n","protected":false},"excerpt":{"rendered":"<p>(aggiornata al 4 novembre) Benvenuto, questa \u00e8 la nostra informativa sulla privacy, costituisce l\u2019ultima versione pubblicata sul Sito www.risbufala.it\u00a0(d\u2019ora in avanti, per brevit\u00e0, il Sito ovvero Ris bufala). Il presente documento ha lo scopo di fornire agli utenti maggiori dettagli su come proteggiamo le informazioni, su come le raccogliamo, memorizziamo, utilizziamo, e comunichiamo i suoi&hellip;<\/p>\n","protected":false},"author":2,"featured_media":0,"parent":0,"menu_order":99,"comment_status":"closed","ping_status":"closed","template":"","meta":{"footnotes":""},"_links":{"self":[{"href":"https:\/\/www.risbufala.it\/index.php?rest_route=\/wp\/v2\/pages\/3"}],"collection":[{"href":"https:\/\/www.risbufala.it\/index.php?rest_route=\/wp\/v2\/pages"}],"about":[{"href":"https:\/\/www.risbufala.it\/index.php?rest_route=\/wp\/v2\/types\/page"}],"author":[{"embeddable":true,"href":"https:\/\/www.risbufala.it\/index.php?rest_route=\/wp\/v2\/users\/2"}],"replies":[{"embeddable":true,"href":"https:\/\/www.risbufala.it\/index.php?rest_route=%2Fwp%2Fv2%2Fcomments&post=3"}],"version-history":[{"count":10,"href":"https:\/\/www.risbufala.it\/index.php?rest_route=\/wp\/v2\/pages\/3\/revisions"}],"predecessor-version":[{"id":59768,"href":"https:\/\/www.risbufala.it\/index.php?rest_route=\/wp\/v2\/pages\/3\/revisions\/59768"}],"wp:attachment":[{"href":"https:\/\/www.risbufala.it\/index.php?rest_route=%2Fwp%2Fv2%2Fmedia&parent=3"}],"curies":[{"name":"wp","href":"https:\/\/api.w.org\/{rel}","templated":true}]}}