{"id":58475,"date":"2020-10-01T10:18:13","date_gmt":"2020-10-01T08:18:13","guid":{"rendered":"https:\/\/www.risbufala.it\/statuto-copy\/"},"modified":"2020-10-23T22:52:47","modified_gmt":"2020-10-23T20:52:47","slug":"regolamento","status":"publish","type":"page","link":"https:\/\/www.risbufala.it\/?page_id=58475","title":{"rendered":"Regolamento"},"content":{"rendered":"<p>[vc_row full_width=&#8221;stretch_row_content_no_spaces&#8221; type=&#8221;vc_default&#8221; full_width_padding_left=&#8221;40&#8243; full_width_padding_right=&#8221;40&#8243; full_width_margin_top=&#8221;0&#8243; full_width_margin_bottom=&#8221;0&#8243; css=&#8221;.vc_custom_1603486336456{padding-top: 30px !important;padding-bottom: 30px !important;}&#8221;][vc_column width=&#8221;1\/6&#8243; offset=&#8221;vc_col-lg-offset-3 vc_col-lg-6 vc_col-md-offset-2 vc_col-md-8 vc_col-sm-offset-1&#8243;][vc_custom_heading text=&#8221;REGOLAMENTO&#8221; font_container=&#8221;tag:h1|font_size:20px|text_align:center|color:%233a3a3a&#8221; use_theme_fonts=&#8221;yes&#8221; el_class=&#8221;sub-heading&#8221;][vc_single_image image=&#8221;57764&#8243; alignment=&#8221;center&#8221;][\/vc_column][\/vc_row][vc_row full_width=&#8221;stretch_row_content_no_spaces&#8221; css=&#8221;.vc_custom_1603486351674{padding-top: 30px !important;padding-bottom: 30px !important;background-color: #f6f6f6 !important;}&#8221;][vc_column width=&#8221;1\/6&#8243;][\/vc_column][vc_column width=&#8221;2\/3&#8243;][vc_column_text css=&#8221;.vc_custom_1601540786081{padding-right: 20px !important;padding-left: 20px !important;}&#8221;]<\/p>\n<h3 style=\"text-align: justify;\">Art. 1 &#8211; Premessa<\/h3>\n<p style=\"text-align: justify;\">Il presente regolamento \u00e8 redatto ai sensi dell&#8217;art. 8 dello Statuto dell&#8217;Associazione \u201cRICERCA INNOVAZIONE E SELEZIONE PER LA BUFALA\u201d (RIS BUFALA). Le attivit\u00e0 svolte da RIS BUFALA sono individuate nell&#8217;art. 4 dello Statuto.<\/p>\n<p style=\"text-align: justify;\">Il predetto regolamento \u00e8 parte integrante dello statuto.<\/p>\n<h3 style=\"text-align: justify;\">Art. 2 &#8211; Ambito di applicazione<\/h3>\n<p style=\"text-align: justify;\">Il presente Regolamento associativo, quale integrazione dello Statuto, reca la disciplina dei rapporti dell\u2019Associazione con i propri associati e stabilisce:<\/p>\n<ul style=\"text-align: justify;\">\n<li>i diritti e gli obblighi degli allevatori che partecipano ai programmi genetici;<\/li>\n<li>le modalit\u00e0 di risoluzione delle eventuali controversie tra Allevatori soci e l\u2019Associazione garantendo loro la parit\u00e0 di trattamento;<\/li>\n<li>le modalit\u00e0 di votazione nei Comitati di Razza;<\/li>\n<li>l\u2019attribuzione dei voti in Assemblea Generale;<\/li>\n<li>le modalit\u00e0 per l\u2019elezione dei membri del Consiglio Direttivo, del Collegio Sindacale ed in generale di tutti gli organi Associativi.<\/li>\n<\/ul>\n<h3 style=\"text-align: justify;\">Art. 3 Costituzione dei Comitati di Razza ed elezione dei delegati<\/h3>\n<p style=\"text-align: justify;\"><strong><span style=\"color: #993366;\">3.1 Costituzione del Comitato di razza<\/span><\/strong><\/p>\n<p style=\"text-align: justify;\">Ogni Comitato di razza elegge annualmente, tra gli allevatori iscritti aventi diritto di voto (soci ordinari),\u00a0 un numero di delegati all\u2019Assemblea Generale proporzionale al numero di animali che rappresentano, secondo il seguente schema:<\/p>\n<ul style=\"text-align: justify;\">\n<li>bufale da 2000 a 4000 = 1 delegato;<\/li>\n<li>bufale da 4001 a 7000 = 2 delegati;<\/li>\n<li>bufale da 7001 a 11000 = 3 delegati;<\/li>\n<li>bufale da 11001 a 15000 = 4 delegati;<\/li>\n<li>bufale da 15001 a 19000 = 5 delegati;<\/li>\n<li>bufale da 19001 a 23000 = 6 delegati;<\/li>\n<li>bufale da 23001 a 27000 = 7 delegati;<\/li>\n<li>bufale da 27001 a 31000 = 8 delegati;<\/li>\n<li>bufale da 31001 a 35000 = 9 delegati;<\/li>\n<li>bufale da 35001 a 39000 = 10 delegati;<\/li>\n<li>bufale da 39001 a 43000 = 11 delegati;<\/li>\n<li>bufale da 43001 = 12 delegati.<\/li>\n<\/ul>\n<p style=\"text-align: justify;\">Il\u00a0 numero di capi totali \u00e8 dato dalla somma degli animali delle aziende associate e comprende tutti i soggetti di et\u00e0 superiore ai 36 mesi, maschi e femmine, che alla data del primo gennaio di ogni anno sono presenti in BDN.<\/p>\n<p style=\"text-align: justify;\">Nel caso in cui i venti allevamenti che costituiscono il Comitato di Razza non raggiungono i 2000 capi, possono confluire in un altro Comitato di Razza liberamente scelto.<\/p>\n<p style=\"text-align: justify;\"><strong><span style=\"color: #993366;\">3.2 Elezione dei delegati<\/span><\/strong><\/p>\n<p style=\"text-align: justify;\">Nella elezione dei delegati all\u2019Assemblea Generale ad ogni allevatore \u00e8 assegnato un numero di voti a seconda della fascia di appartenenza come dal seguente schema:<\/p>\n<table>\n<tbody>\n<tr>\n<td width=\"217\">CATEGORIA<\/td>\n<td width=\"217\">CAPI<\/td>\n<td width=\"217\">VOTI<\/td>\n<\/tr>\n<tr>\n<td width=\"217\">Allevamento piccolo<\/td>\n<td width=\"217\">da 10 a 200<\/td>\n<td width=\"217\">1<\/td>\n<\/tr>\n<tr>\n<td width=\"217\">Allevamento medio<\/td>\n<td width=\"217\">da 201 a 400<\/td>\n<td width=\"217\">3<\/td>\n<\/tr>\n<tr>\n<td width=\"217\">Allevamento grande<\/td>\n<td width=\"217\">da 401<\/td>\n<td width=\"217\">7<\/td>\n<\/tr>\n<\/tbody>\n<\/table>\n<p style=\"text-align: justify;\">Qualora richiesto dai soci aventi diritto di voto, \u00e8 possibile che l\u2019elezione dei delegati avvenga attraverso apposite liste, distinte e contrapposte; in tal caso i seggi sono assegnati con criterio proporzionale alle preferenze ottenute.<\/p>\n<p style=\"text-align: justify;\"><span style=\"color: #993366;\"><strong>3.3 Caratteristiche del delegato:<\/strong><\/span><\/p>\n<p style=\"text-align: justify;\">I candidati delegati devono avere almeno 20 soggetti, maschi o femmine, in et\u00e0 riproduttiva e iscritti al libro Genealogico.<\/p>\n<h3 style=\"text-align: justify;\">Art. 4 Rinnovo del Comitato Direttivo<\/h3>\n<p style=\"text-align: justify;\">Qualora richiesto dai candidati delegati \u00e8 possibile che l\u2019elezione dei componenti del Comitato Direttivo avvenga attraverso apposite liste, distinte e contrapposte; in tal caso i seggi sono assegnati con criterio proporzionale alle preferenze ottenute.<\/p>\n<p style=\"text-align: justify;\">I delegati dei Comitati di Razza devono proporre, agli uffici di RIS Bufala, almeno 48 ore prima della prima convocazione dello svolgimento dell\u2019Assemblea elettiva, i nominativi degli allevatori soci di RIS Bufala candidati alla carica di Consiglieri. Detti candidati devono essere in regola con le quote associative ed appartenere al Comitato di Razza di cui fa parte il delegato segnalante. Ogni delegato pu\u00f2 segnalare massimo tre candidati. Sar\u00e0 cura dell\u2019Assemblea stabilire il numero minimo o massimo dei componenti del Comitato Direttivo cos\u00ec come previsto dall\u2019art.17 dello Statuto.<\/p>\n<p style=\"text-align: justify;\">I candidati consiglieri devono aver compiuto 25 anni di et\u00e0. Il candidato consigliere \u00e8 eleggibile per un massimo di due mandati consecutivi.<\/p>\n<p style=\"text-align: justify;\">Il seggio elettorale sar\u00e0 costituito dal Direttore dell\u2019Associazione o in sua assenza dal Segretario dell\u2019Assemblea che sceglier\u00e0 tra i presenti due scrutatori di supporto.<\/p>\n<p style=\"text-align: justify;\">Il voto \u00e8 segreto.<\/p>\n<p style=\"text-align: justify;\">In sede di rinnovo del Comitato Direttivo nelle Assemblee elettive ogni delegato pu\u00f2 esprimere un voto per singolo candidato fino al numero di consiglieri da eleggere stabilito dall\u2019assemblea.<\/p>\n<p style=\"text-align: justify;\">Il voto si esprimer\u00e0 apponendo una X sulla scheda elettorale preventivamente predisposta dove sono riportati i nominativi di tutti i candidati.<\/p>\n<p style=\"text-align: justify;\">Le schede con preferenze superiori al numero massimo dei componenti da eleggere saranno considerate nulle.<\/p>\n<p style=\"text-align: justify;\">Risulteranno eletti a componenti del Comitato Direttivo i candidati che avranno avuto il maggior numero di preferenze, nel rispetto del principio Generale dello Statuto che garantisce comunque un rappresentante al Nord Italia, un rappresentante al Centro Italia ed un rappresentante al Sud Italia. A parit\u00e0 di voti si effettuer\u00e0 una seconda votazione solo per i candidati che hanno riportato lo stesso numero di voti. Nel caso in cui si verificasse un\u2019ulteriore parit\u00e0 di voti risulter\u00e0 eletto il candidato che rappresenta il comitato di razza pi\u00f9 numeroso per numero di capi. Nel caso in cui si verificasse un\u2019ulteriore parit\u00e0 di voti all\u2019interno dello stesso Comitato di Razza risulter\u00e0 eletto il candidato che rappresenta il maggior numero di capi della propria azienda.<\/p>\n<p style=\"text-align: justify;\">La distinzione geografica in Nord Italia, Centro Italia e Sud Italia \u00e8 definita come di seguito:<\/p>\n<table>\n<tbody>\n<tr>\n<td width=\"326\">Area Geografica<\/td>\n<td width=\"326\">Regioni<\/td>\n<\/tr>\n<tr>\n<td width=\"326\">Nord Italia<\/td>\n<td width=\"326\">Valle D\u2019Aosta, Piemonte, Liguria, Lombardia, Veneto, Trentino Alto Adige, Friuli Venezia Giulia, Emilia Romagna, Toscana.<\/td>\n<\/tr>\n<tr>\n<td width=\"326\">Centro Italia<\/td>\n<td width=\"326\">Umbria, Marche, Abruzzo, Lazio, Sardegna.<\/td>\n<\/tr>\n<tr>\n<td width=\"326\">Sud Italia<\/td>\n<td width=\"326\">Molise, Campania, Puglia, Basilicata, Calabria, Sicilia.<\/td>\n<\/tr>\n<\/tbody>\n<\/table>\n<p style=\"text-align: justify;\">La rappresentativit\u00e0 territoriale potr\u00e0 essere garantita sulla base delle indicazioni di cui all\u2019articolo 17 comma 4 dello Statuto.<\/p>\n<h3 style=\"text-align: justify;\">\u00a0Art. 5 Collegio dei Sindaci<\/h3>\n<p style=\"text-align: justify;\">I nominativi dei componenti del Collegio dei Sindaci da eleggere in sede assembleare sono individuati dal Comitato Direttivo uscente con apposita deliberazione. Risulteranno eletti nel Collegio dei Sindaci i candidati che avranno ricevuto il maggior numero di preferenze.<\/p>\n<p style=\"text-align: justify;\">\u00c8 fatto obbligo al Comitato Direttivo di individuare un numero doppio di candidati rispetto a quelli da eleggere.\u00a0 Per quanto riguarda le cause d&#8217;ineleggibilit\u00e0 e di decadenza si fa riferimento a quanto stabilito dall\u2019articolo 2399 del codice civile.<\/p>\n<p style=\"text-align: justify;\">Tra le altre cause di ineleggibilit\u00e0 dei componenti rientrano:<\/p>\n<ol style=\"text-align: justify;\">\n<li>Persone legate a societ\u00e0 e\/o associazioni che si occupano di raccolta dati nelle aziende zootecniche ai sensi del D.lgs n.52\/2018 o che svolgono attivit\u00e0 di revisione legale o controlli contabili e\/o consulenza sulle medesime associazioni.<\/li>\n<li>Persone che ricoprono cariche in seno alle associazioni degli allevatori.<\/li>\n<li>Persone che ricoprono cariche di Commissario in seno alle associazioni degli allevatori, anche a livello di associazione territoriale e\/o regionale.<\/li>\n<li>Persone che esercitano attivit\u00e0 di revisione legale o controlli contabili e\/o consulenza in Organizzazioni socie.<\/li>\n<\/ol>\n<p style=\"text-align: justify;\">Se previsto dallo Statuto, uno dei componenti effettivi \u00e8 nominato dal Ministero competente in materia ed ha il ruolo di Presidente del Collegio Sindacale; per il componente di nomina ministeriale non pu\u00f2 essere richiesta l\u2019iscrizione obbligatoria al registro della revisione legale (cfr. parere MEF n. 216086 del 15.12.2017, trasmesso con nota n. 33417 del 21.12.2017) a prescindere dal conferimento o meno dell\u2019incarico di revisione legale da parte dell\u2019assemblea.<\/p>\n<h3 style=\"text-align: justify;\">Art. 6\u00a0 Comitato Tecnico Scientifico<\/h3>\n<p style=\"text-align: justify;\">Il C.T.S. quale organo tecnico dell\u2019Associazione \u00e8 composto cos\u00ec come descritto nel Programma genetico RIS Bufala (Disciplinare e Norme Tecniche) approvate dal MIPAAFT.<\/p>\n<h3 style=\"text-align: justify;\">Art. 7\u00a0 Direttore<\/h3>\n<p style=\"text-align: justify;\">Il Direttore dell\u2019Associazione RIS Bufala deve possedere titoli adeguati per poter ricoprire detto incarico.<\/p>\n<p style=\"text-align: justify;\">Il titolo minimo \u00e8 rappresentato dal possesso di una laurea quinquennale in Scienze delle Produzioni Animali, Scienze Agrarie e\/o lauree equipollenti, Medicina Veterinaria, Statistica.<\/p>\n<h3 style=\"text-align: justify;\">Art. 8 Controversie tra allevatori<\/h3>\n<p style=\"text-align: justify;\">Qualora dovesse insorgere una qualsiasi controversia tra i soci fondatori e\/o ordinari e l\u2019Associazione RIS Bufala, su motivato parere del Comitato Direttivo, ci si potr\u00e0 avvalere di un collegio arbitrale composto da tre membri, uno nominato da ciascuna delle due parti ed il terzo, con funzioni di presidente, indicato dal presidente del Tribunale di Santa Maria Capua Vetere. In caso di mancato raggiungimento di una soluzione bonaria la competenza rester\u00e0 in testa al Foro di Santa Maria Capua Vetere.<\/p>\n<h3 style=\"text-align: justify;\">Art. 9\u00a0 Codice etico<\/h3>\n<p style=\"text-align: justify;\">Gli allevatori che ricoprono cariche negli organi sociali dell\u2019Associazione RIS Bufala e possiedono la qualifica per valutare i soggetti iscritti al Libro Genealogico, e o le competenze e qualifiche per valutare e giudicare nei Concorsi di Libro Genealogico, nel corso del mandato associativo non possono effettuare tale attivit\u00e0, neanche a titolo gratuito.<\/p>\n<h3 style=\"text-align: justify;\">Art. 10\u00a0 Modifiche<\/h3>\n<p style=\"text-align: justify;\">Le modifiche al presente regolamento sono sottoposte al preventivo parere vincolante del MIPAAFT, ai sensi dell\u2019articolo 6 comma 2 del D.lgs n.52\/2018.<\/p>\n<p>[\/vc_column_text][\/vc_column][vc_column width=&#8221;1\/6&#8243;][\/vc_column][\/vc_row]<\/p>\n","protected":false},"excerpt":{"rendered":"<p>[vc_row full_width=&#8221;stretch_row_content_no_spaces&#8221; type=&#8221;vc_default&#8221; full_width_padding_left=&#8221;40&#8243; full_width_padding_right=&#8221;40&#8243; full_width_margin_top=&#8221;0&#8243; full_width_margin_bottom=&#8221;0&#8243; css=&#8221;.vc_custom_1603486336456{padding-top: 30px !important;padding-bottom: 30px !important;}&#8221;][vc_column width=&#8221;1\/6&#8243; offset=&#8221;vc_col-lg-offset-3 vc_col-lg-6 vc_col-md-offset-2 vc_col-md-8 vc_col-sm-offset-1&#8243;][vc_custom_heading text=&#8221;REGOLAMENTO&#8221; font_container=&#8221;tag:h1|font_size:20px|text_align:center|color:%233a3a3a&#8221; use_theme_fonts=&#8221;yes&#8221; el_class=&#8221;sub-heading&#8221;][vc_single_image image=&#8221;57764&#8243; alignment=&#8221;center&#8221;][\/vc_column][\/vc_row][vc_row full_width=&#8221;stretch_row_content_no_spaces&#8221; css=&#8221;.vc_custom_1603486351674{padding-top: 30px !important;padding-bottom: 30px !important;background-color: #f6f6f6 !important;}&#8221;][vc_column width=&#8221;1\/6&#8243;][\/vc_column][vc_column width=&#8221;2\/3&#8243;][vc_column_text css=&#8221;.vc_custom_1601540786081{padding-right: 20px !important;padding-left: 20px !important;}&#8221;] Art. 1 &#8211; Premessa Il presente regolamento \u00e8 redatto ai sensi dell&#8217;art. 8 dello Statuto dell&#8217;Associazione&hellip;<\/p>\n","protected":false},"author":2,"featured_media":0,"parent":59188,"menu_order":3,"comment_status":"closed","ping_status":"closed","template":"","meta":{"footnotes":""},"_links":{"self":[{"href":"https:\/\/www.risbufala.it\/index.php?rest_route=\/wp\/v2\/pages\/58475"}],"collection":[{"href":"https:\/\/www.risbufala.it\/index.php?rest_route=\/wp\/v2\/pages"}],"about":[{"href":"https:\/\/www.risbufala.it\/index.php?rest_route=\/wp\/v2\/types\/page"}],"author":[{"embeddable":true,"href":"https:\/\/www.risbufala.it\/index.php?rest_route=\/wp\/v2\/users\/2"}],"replies":[{"embeddable":true,"href":"https:\/\/www.risbufala.it\/index.php?rest_route=%2Fwp%2Fv2%2Fcomments&post=58475"}],"version-history":[{"count":20,"href":"https:\/\/www.risbufala.it\/index.php?rest_route=\/wp\/v2\/pages\/58475\/revisions"}],"predecessor-version":[{"id":59453,"href":"https:\/\/www.risbufala.it\/index.php?rest_route=\/wp\/v2\/pages\/58475\/revisions\/59453"}],"up":[{"embeddable":true,"href":"https:\/\/www.risbufala.it\/index.php?rest_route=\/wp\/v2\/pages\/59188"}],"wp:attachment":[{"href":"https:\/\/www.risbufala.it\/index.php?rest_route=%2Fwp%2Fv2%2Fmedia&parent=58475"}],"curies":[{"name":"wp","href":"https:\/\/api.w.org\/{rel}","templated":true}]}}