{"id":59597,"date":"2020-11-13T19:01:53","date_gmt":"2020-11-13T18:01:53","guid":{"rendered":"https:\/\/www.risbufala.it\/privacy-policy-copy\/"},"modified":"2020-11-13T19:09:33","modified_gmt":"2020-11-13T18:09:33","slug":"cookie-policy","status":"publish","type":"page","link":"https:\/\/www.risbufala.it\/?page_id=59597","title":{"rendered":"Cookie Policy"},"content":{"rendered":"<h1 style=\"text-align: justify;\"><strong>POLITICA SUI COOKIES <\/strong><\/h1>\n<p style=\"text-align: justify;\"><strong><em>(aggiornata al 4 novembre 2020)<\/em><\/strong><\/p>\n<p style=\"text-align: justify;\"><strong>\u00a0<\/strong><\/p>\n<p style=\"text-align: justify;\">Benvenuto, questa \u00e8 la nostra informativa sui cookie, costituisce l\u2019ultima versione pubblicata sul Sito www.risbufala.it (d\u2019ora in avanti, per brevit\u00e0, il Sito ovvero Ris bufala). Il presente documento ha lo scopo di fornire agli utenti maggiori dettagli su come vengono memorizzati i dati durante la navigazione, in particolare verr\u00e0 spiegato cosa sono i cookie, a cosa servono, e come potr\u00e0 disabilitarli.<\/p>\n<p style=\"text-align: justify;\">Il consenso all\u2019installazione dei cookies potr\u00e0 essere espresso in maniera generale attraverso il pulsante\u201d ACCONSENTI\u201d presente sul banner che contiene l\u2019informativa breve, oppure, potr\u00e0 essere fornito o negato in maniera selettiva, secondo le modalit\u00e0 indicate in calce alla presente informativa.<\/p>\n<p style=\"text-align: justify;\">Di questo consenso viene tenuta traccia in occasione delle tue visite successive; tuttavia, hai sempre la possibilit\u00e0 di revocare, in tutto o in parte, il consenso gi\u00e0 espresso.<\/p>\n<p style=\"text-align: justify;\">Rientrano in questa categoria i cookies analtici ed id cookies di profilazione pubblicitaria, che sono volti a creare profili relativi all&#8217;utente e utilizzati al fine di inviare messaggi pubblicitari mirati, in linea con le preferenze manifestate dallo stesso nell&#8217;ambito della navigazione in rete.<\/p>\n<h2 style=\"text-align: justify;\"><strong>Cosa sono i cookies<\/strong><\/h2>\n<p style=\"text-align: justify;\">Sono piccoli file di testo che il browser salva su un computer o dispositivo, dove vengono memorizzati per poi essere ritrasmessi agli stessi siti alla visita successiva. Un cookie, da solo, non contiene o raccoglie informazioni. Tuttavia, sono molto utili sia per eseguire le autenticazioni (e velocizzarle) sia per monitorare le sessioni e memorizzare alcune parti tecniche dello scambio terminali-remoto altrimenti impossibili. Attraverso i cookies, dunque, \u00e8 possibile memorizzare e recuperare informazioni sulle abitudini di navigazione dell\u2019utente e\/o sul dispositivo mobile con il quale l\u2019utente accede al Sito, generalmente in forma anonima, informazioni (ad esempio, informazioni su indirizzi IP, browser, fornitori di servizi internet, pagine di riferimento, pagine di uscita, sistemi operativi, indicatori data e ora). Queste informazioni non verranno collegate ad altri dati che raccogliamo sugli utenti a meno che non ci abbiano dato il consenso per farlo.<\/p>\n<p style=\"text-align: justify;\">Questi piccoli file sono utilizzati dal sporttoscanacalciobalilla.it con la finalit\u00e0 di:<\/p>\n<p style=\"text-align: justify;\">-generare delle statistiche di accesso in forma aggregata e anonima di frequentazione e di ritorno nel Sito.<\/p>\n<p style=\"text-align: justify;\">&#8211; tenere attiva la sessione di navigazione<\/p>\n<p style=\"text-align: justify;\">Durante le visite al Sito verranno pertanto registrate alcune informazioni sul disco rigido dell\u2019utente.<\/p>\n<p style=\"text-align: justify;\">Per ulteriori informazioni sul titolare del trattamento dei dati personali, rimandiamo alla sezione Titolare del trattamento dei dati personali nella nostra Privacy Policy.<\/p>\n<h2 style=\"text-align: justify;\"><strong>Cookie tecnici e di terze parti<\/strong><\/h2>\n<p style=\"text-align: justify;\">Il sito www.risbufala.it utilizza i cc.dd. cookies tecnici ossia quelli impiegati al solo fine di \u201c<em>effettuare la trasmissione di una comunicazione su una rete di comunicazione elettronica, o nella misura strettamente necessaria al fornitore di un servizio della societ\u00e0 dell\u2019informazione esplicitamente richiesto dall\u2019abbonato o dall\u2019utente a erogare tale servizio<\/em>\u201d (cfr. art. 122, comma 1, Codice Privacy).<\/p>\n<p style=\"text-align: justify;\">I\u00a0<strong>cookie tecnici<\/strong>\u00a0utilizzati da www. .risbufala.it potranno essere di sessione o persistenti.<\/p>\n<p style=\"text-align: justify;\">I cookie di sessione sono cookie temporanei che durano unicamente fino a quando l\u2019utente chiude il browser. I cookie persistenti, invece, rimangono sul disco fisso o sul dispositivo dell\u2019utente che naviga sul suindicato sito fino alla loro data di scadenza ovvero fino a quando l\u2019utente proceder\u00e0 alla relativa operazione di cancellazione. Tali cookie possono essere usati a scopo di sicurezza, per aiutare l\u2019utente a navigare tra le pagine e per fornire informazioni in modo pi\u00f9 efficace.<\/p>\n<p style=\"text-align: justify;\">I cookie tecnici\u00a0gestiscono i dati necessari all\u2019erogazione delle pagine e facilitano la navigazione, permettendo di ricordare l\u2019ultima pagina visitata, di riconoscere il tipo di dispositivo in uso. I cookie tecnici consentono di effettuare analisi statistiche aggregate sulle pagine pi\u00f9 visitate e sulle preferenze degli utenti, ma solo in forma anonima.<\/p>\n<p style=\"text-align: justify;\">Il Sito user\u00e0 i cookie anche per raccogliere informazioni statistiche sull\u2019uso del sito medesimo al fine di migliorarne continuamente il design e la funzionalit\u00e0, per conoscere il numero di visitatori e per aiutarci a rispondere a domande riguardanti il Sito Web.<\/p>\n<p style=\"text-align: justify;\">Il Sito www. .risbufala.it consente anche l\u2019invio di <strong>cookie\u00a0di terze parti<\/strong>, ovvero cookie di performance gestiti da parte di terzi che sono creati e soggetti a domini esterni al sito. Il presente Sito non ha il controllo di questi cookie.<\/p>\n<p style=\"text-align: justify;\">I cookie \u201cterze parti\u201d presenti su questo Sito possono essere raggruppati nelle seguenti tipologie:<\/p>\n<p style=\"text-align: justify;\"><u>-Cookie necessari<\/u>\u00a0ossia quelli strettamente necessari per il funzionamento di base del sito e che permettono di navigare all\u2019interno del sito stesso utilizzando le funzioni desiderate. Senza questi cookie non possiamo fornire i servizi che permettono al sito web di funzionare.<\/p>\n<p style=\"text-align: justify;\"><u>-Cookie di prestazione<\/u>\u00a0ossia quelli che raccolgono informazioni in modo anonimo su quanti visitatori usano il sito www.risbufala.it e che permettono di sapere quanti visitatori interagiscono con il sito web, fornendo informazioni sulle aree visitate, il tempo trascorso ed eventuali problemi riscontrati (come, ad esempio, messaggi di errore). Queste informazioni permettono di migliorare le prestazioni del sito web. Uno dei maggiori cookie di prestazione utilizzato dal presente sito web \u00e8\u00a0<a href=\"http:\/\/www.google.com\/intl\/it\/policies\/privacy\/\">Google<\/a>\u00a0Search Console, invitandosi l\u2019utente a visitare le seguenti pagine, <a href=\"https:\/\/www.google.com\/webmasters\/tools\/home?hl=it,%20e%20http:\/\/www.google.com\/intl\/it\/policies\/privacy\/%20.\">clicca qui <\/a>al fine di acquisire maggiori informazioni.<\/p>\n<p style=\"text-align: justify;\"><u>-Cookie di funzionalit\u00e0<\/u>\u00a0ossia quelli che migliorano l\u2019esperienza del visitatore del sito web e che possono, ad esempio, ricordare informazioni come la lingua. Memorizzare le tue preferenze permette al sito web di offrire funzioni migliori e pi\u00f9 personalizzate.<\/p>\n<p style=\"text-align: justify;\">Inoltre, il sito\u00a0www.risbufala.it utilizza:<\/p>\n<p style=\"text-align: justify;\">-cookie che hanno la funzione di memorizzare la lingua di navigazione selezionata dall\u2019utente.<\/p>\n<p style=\"text-align: justify;\">\n<p style=\"text-align: justify;\">Sul sito sono presenti anche\u00a0<strong>cookie statistici<\/strong>, questi cookie aiutano il titolare del sito a capire come i propri visitatori interagiscono con il sito stesso, raccogliendo e trasmettendo informazioni in forma anonima. L\u2019utente potr\u00e0 rifiutare di utilizzare tali cookie selezionando l\u2019apposita impostazione direttamente dal proprio browser (di seguito i vai link per disabilitarli)<\/p>\n<p style=\"text-align: justify;\"><strong><u>\u00a0<\/u><\/strong><\/p>\n<p style=\"text-align: justify;\"><strong><u>I cookie di terze parti utilizzati dal sito <\/u><\/strong><strong><u>www.risbufala.it <\/u><\/strong><strong><u>sono:<\/u><\/strong><\/p>\n<p style=\"text-align: justify;\">\n<p style=\"text-align: justify;\"><strong>Google Analytics<\/strong>: servizio di analisi web fornito da Google\u00a0che, attraverso dei cookie, acquisisce informazioni utili a capire l\u2019utilizzo del sito web da parte dell\u2019utente (compreso l\u2019indirizzo IP). Tali informazioni verranno trasmesse e depositate presso i server di Google negli Stati Uniti e saranno utilizzate allo scopo di: (<em>i<\/em>) tracciare ed esaminare l\u2019utilizzo del suddetto sito da parte degli utenti; (<em>ii<\/em>) compilare report sulle attivit\u00e0 del sito web per gli operatori del Sito e fornire altri servizi relativi alle attivit\u00e0 del Sito e all\u2019utilizzo di internet.<\/p>\n<p style=\"text-align: justify;\">Google potr\u00e0 anche trasferire queste informazioni a terzi ove ci\u00f2 sia imposto dalla legge o laddove tali terzi trattino le suddette informazioni per conto di Google e, comunque, non assocer\u00e0 l\u2019indirizzo IP dell\u2019utente a nessun altro dato gi\u00e0 posseduto. Pertanto tale servizio consente di analizzare le statistiche sui visitatori del sito web sempre in forma anonima e aggregata.<\/p>\n<p style=\"text-align: justify;\">Come da indicazioni del Garante della privacy,\u00a0<em>\u201cnel caso in cui un sito consenta la trasmissione anche di cookie di \u201cterze parti\u201d, l\u2019informativa e l\u2019acquisizione del consenso sono di norma a carico del terzo.\u201d<\/em>\u00a0(fonte:\u00a0<a href=\"http:\/\/www.garanteprivacy.it\/web\/guest\/home\/docweb\/-\/docweb-display\/docweb\/2145979\">Garante Privacy<\/a>).<\/p>\n<p style=\"text-align: justify;\">Per visionare informativa privacy di Google Analytics <a href=\"https:\/\/policies.google.com\/privacy\">clicca qui\u00a0<\/a>.<\/p>\n<p style=\"text-align: justify;\">L\u2019utente potr\u00e0 rifiutare di utilizzare tali cookie selezionando l\u2019apposita impostazione direttamente dal\u00a0proprio browser, sebbene ci\u00f2 potrebbe comportare la possibilit\u00e0 di non poter utilizzare tutte le funzionalit\u00e0 del Sito www.risbufala.it<\/p>\n<p style=\"text-align: justify;\">I\u00a0<strong>cookie statistici\u00a0<\/strong>aiutano i proprietari del sito web a capire come i visitatori interagiscono con i siti raccogliendo e trasmettendo informazioni in forma anonima.<\/p>\n<p style=\"text-align: justify;\"><strong>GOOGLE TAG MANAGER<\/strong>: utilizziamo <strong>googletagmanager.com<\/strong> per impostare i cookie, per monitorare ad esempio visualizzazioni di pagina o i visitatori che hanno visitato una determinata pagina, o ancora per i prodotti pubblicitari, per maggiori informazioni <a href=\"https:\/\/support.google.com\/tagmanager\/answer\/3281060?hl=en\">clicca qui<\/a><\/p>\n<h2 style=\"text-align: justify;\"><strong>Altri cookie di Google<\/strong><\/h2>\n<p style=\"text-align: justify;\"><strong>CONSENT: <\/strong>Cookie utilizzato per il consenso dei servizi di Google.<\/p>\n<p style=\"text-align: justify;\"><strong>NID<\/strong>: Cookie di terze parti per le funzionalit\u00e0 del social network Google+.<\/p>\n<p style=\"text-align: justify;\"><strong>SIDCC: <\/strong>Cookie di sicurezza usato per proteggere i dati degli utenti da accessi non autorizzati.<\/p>\n<p style=\"text-align: justify;\"><strong>SID: <\/strong>Cookie tecnico per la valutazione del portale web.<\/p>\n<p style=\"text-align: justify;\">&#8220;SID&#8221; e &#8220;HSID&#8221; che contengono record con firma digitale e crittografati dell&#8217;ID dell&#8217;account Google di un utente e il tempo di accesso pi\u00f9 recente.\u00a0La combinazione di questi due cookie, ci consente di bloccare molti tipi di attacchi, come i tentativi di rubare il contenuto dei moduli compilati sulle pagine Web.<\/p>\n<p style=\"text-align: justify;\"><strong>DV: <\/strong>Cookie utilizzato per la registrazione delle preferenze e informazioni sulla navigazione degli utenti<\/p>\n<p style=\"text-align: justify;\"><strong>OTZ: <\/strong>Cookie utilizzato per la gestione delle condivisioni Google+ e per la gestione del social login<\/p>\n<p style=\"text-align: justify;\"><strong>COMPASS:<\/strong> Utilizzato per memorizzare la sessione e per garantire il funzionamento del sito<\/p>\n<p style=\"text-align: justify;\"><strong>SEARCH SAMESITE: <\/strong>Fornisce protezione contro gli attacchi di contraffazione\u00a0tra siti offre una migliore sicurezza, ma limita alcune funzionalit\u00e0 del Sito<strong>.<\/strong><\/p>\n<p style=\"text-align: justify;\"><strong>\u00a0__Secure-APISID<\/strong><strong> __Secure-SSID __Secure-3PAPISID __Secure-3PSID __Secure-HSID __Secure-SSID: <\/strong>Questi cookie vengono utilizzati per limitare il numero di volte in cui viene visualizzata una pubblicit\u00e0 e per aiutare a misurare l&#8217;efficacia della campagna pubblicitaria.\u00a0Di solito sono collocati da reti pubblicitarie con il permesso dell&#8217;operatore del Sito.\u00a0Vengono utilizzati per pubblicare annunci pi\u00f9 pertinenti per l\u2019utente in linea con i suoi interessi.<\/p>\n<p style=\"text-align: justify;\">Ricordano che hai visitato un sito Web e queste informazioni sono condivise con altre organizzazioni come gli inserzionisti.\u00a0Molto spesso i cookie di targeting o pubblicitari saranno collegati alle funzionalit\u00e0 del sito fornite dall&#8217;altra organizzazione.<\/p>\n<p style=\"text-align: justify;\"><strong>\u00a0<\/strong><\/p>\n<p style=\"text-align: justify;\"><strong>Google Maps:<\/strong><\/p>\n<p style=\"text-align: justify;\"><strong>1P-JAR: <\/strong>\u00c8 un cookie di Google che memorizza le preferenze e le informazioni dell\u2019utente ogni volta che visita pagine web contenenti mappe geografiche di Google Maps.<\/p>\n<p style=\"text-align: justify;\"><strong>SSID: <\/strong>Cookie utilizzato per memorizza le preferenze e le informazioni dell\u2019utente ogni volta che visita pagine web contenenti mappe geografiche di Google Maps<\/p>\n<p style=\"text-align: justify;\"><strong>ANID: <\/strong>Cookie utilizzato da Google Maps come identificatore univoco per le funzionalit\u00e0 richieste dalle mappe geografiche<\/p>\n<p style=\"text-align: justify;\"><strong>HSID: <\/strong>Cookie che memorizza le preferenze e le informazioni dell\u2019utente ogni volta che visita pagine web contenenti mappe geografiche di Google Maps<\/p>\n<p style=\"text-align: justify;\"><strong>APISID: <\/strong>Cookie che memorizza le preferenze e le informazioni dell\u2019utente ogni volta che visita pagine web contenenti mappe geografiche di Google Maps<\/p>\n<p style=\"text-align: justify;\"><strong>SAPISID: <\/strong>Utilizzato da Google Maps per memorizzare le preferenze utente durante la visualizzazione delle mappe per tenere traccia del comportamento del visitatore.<\/p>\n<p style=\"text-align: justify;\">\n<p style=\"text-align: justify;\"><strong>Come disabilitare i cookie<\/strong><\/p>\n<p style=\"text-align: justify;\">Si informa l\u2019utente del Sito www.risbufala.it che attraverso le impostazioni del proprio browser \u00e8 possibile accettare o rifiutare l\u2019impostazione di tutti o di alcuni tipi di cookies ovvero richiedere di essere avvisato quando un cookie \u00e8 stato impostato. Tale operazione necessita di passaggi diversi in relazione alle specifiche istruzioni di configurazione del proprio browser.<\/p>\n<p style=\"text-align: justify;\">Nel caso in cui l\u2019utente volesse disabilitare i cookie di terze parti una volta accettati, dovr\u00e0 accedere direttamente alle impostazioni del browser per la modalit\u00e0 di gestione dei cookies.<\/p>\n<p style=\"text-align: justify;\">\n<p style=\"text-align: justify;\">Riportiamo inoltre link a istruzioni su come bloccare e rimuovere i cookie nei vari browser per PC e Mac:<\/p>\n<p style=\"text-align: justify;\"><a href=\"https:\/\/support.microsoft.com\/en-us\/help\/17442\/windows-internet-explorer-delete-manage-cookies\">Internet Explorer<\/a><\/p>\n<p style=\"text-align: justify;\"><a href=\"https:\/\/support.google.com\/chrome\/answer\/95647?hl=en\">Google Chrome<\/a><\/p>\n<p style=\"text-align: justify;\"><a href=\"https:\/\/support.mozilla.org\/en-US\/kb\/delete-cookies-remove-info-websites-stored\">Mozilla Firefox<\/a><\/p>\n<p style=\"text-align: justify;\"><a href=\"http:\/\/help.opera.com\/Windows\/9.51\/en\/cookies.html\">Opera<\/a><\/p>\n<p style=\"text-align: justify;\"><a href=\"https:\/\/support.apple.com\/en-us\/HT201265\">Safari<\/a><\/p>\n<p style=\"text-align: justify;\"><a href=\"http:\/\/www.macromedia.com\/support\/documentation\/en\/flashplayer\/help\/settings_manager07.html\">Flash cookie<\/a><\/p>\n<p style=\"text-align: justify;\">\n<p style=\"text-align: justify;\">Si fa presente all\u2019utente, infine, che, nel caso decida di non accettare i cookie, alcune funzioni, servizi o funzionalit\u00e0 del Sito www.risbufala.it potrebbero non essere disponibili.<\/p>\n<h2 style=\"text-align: justify;\"><strong>Titolare del trattamento<\/strong><\/h2>\n<p style=\"text-align: justify;\">Gli utenti potranno rivolgersi a Enrico Migliaccio (Cod. Fisc. \u2026\u2026\u2026\u2026\u2026.), nella sua qualit\u00e0 di Presidente p.t. dell\u2019Associazione <strong>Ricerca Innovazione e Selezione per la Bufala (CF:93091380613)<\/strong>, per la carica domiciliato presso la sede in Piedimonte Matese alla via Cila, 2 (BN) (81016), tel.\u00a0 0823 1255581, Email: info@risbufala.it, Pec: &#8212;&#8212;&#8212;&#8212;&#8212;&#8212;&#8212;&#8212;quale titolare del trattamento dei dati, per far valere i diritti loro riconosciuti ai sensi del Regolamento Europeo 679\/2016, inviando una comunicazione ai richiamati indirizzi e-mail.<\/p>\n<p style=\"text-align: justify;\">Si invita l\u2019utente a prendere visione della privacy policy pubblicata sul Sito per la relativa descrizione.<\/p>\n<p style=\"text-align: justify;\">\n","protected":false},"excerpt":{"rendered":"<p>POLITICA SUI COOKIES (aggiornata al 4 novembre 2020) \u00a0 Benvenuto, questa \u00e8 la nostra informativa sui cookie, costituisce l\u2019ultima versione pubblicata sul Sito www.risbufala.it (d\u2019ora in avanti, per brevit\u00e0, il Sito ovvero Ris bufala). Il presente documento ha lo scopo di fornire agli utenti maggiori dettagli su come vengono memorizzati i dati durante la navigazione,&hellip;<\/p>\n","protected":false},"author":2,"featured_media":0,"parent":0,"menu_order":91,"comment_status":"closed","ping_status":"closed","template":"","meta":{"footnotes":""},"_links":{"self":[{"href":"https:\/\/www.risbufala.it\/index.php?rest_route=\/wp\/v2\/pages\/59597"}],"collection":[{"href":"https:\/\/www.risbufala.it\/index.php?rest_route=\/wp\/v2\/pages"}],"about":[{"href":"https:\/\/www.risbufala.it\/index.php?rest_route=\/wp\/v2\/types\/page"}],"author":[{"embeddable":true,"href":"https:\/\/www.risbufala.it\/index.php?rest_route=\/wp\/v2\/users\/2"}],"replies":[{"embeddable":true,"href":"https:\/\/www.risbufala.it\/index.php?rest_route=%2Fwp%2Fv2%2Fcomments&post=59597"}],"version-history":[{"count":3,"href":"https:\/\/www.risbufala.it\/index.php?rest_route=\/wp\/v2\/pages\/59597\/revisions"}],"predecessor-version":[{"id":59758,"href":"https:\/\/www.risbufala.it\/index.php?rest_route=\/wp\/v2\/pages\/59597\/revisions\/59758"}],"wp:attachment":[{"href":"https:\/\/www.risbufala.it\/index.php?rest_route=%2Fwp%2Fv2%2Fmedia&parent=59597"}],"curies":[{"name":"wp","href":"https:\/\/api.w.org\/{rel}","templated":true}]}}